{"id":3059,"date":"2023-10-03T07:49:11","date_gmt":"2023-10-03T07:49:11","guid":{"rendered":"https:\/\/hidraquatec.com\/noticias\/"},"modified":"2026-03-24T07:38:19","modified_gmt":"2026-03-24T07:38:19","slug":"noticias","status":"publish","type":"page","link":"https:\/\/hidraquatec.com\/es\/noticias\/","title":{"rendered":"Noticias"},"content":{"rendered":"<p><div class=\"fusion-fullwidth fullwidth-box fusion-builder-row-1 fusion-flex-container nonhundred-percent-fullwidth non-hundred-percent-height-scrolling\" style=\"--awb-border-radius-top-left:0px;--awb-border-radius-top-right:0px;--awb-border-radius-bottom-right:0px;--awb-border-radius-bottom-left:0px;--awb-padding-top:0%;--awb-flex-wrap:wrap;\" ><div class=\"fusion-builder-row fusion-row fusion-flex-align-items-flex-start fusion-flex-content-wrap\" style=\"max-width:1248px;margin-left: calc(-4% \/ 2 );margin-right: calc(-4% \/ 2 );\"><div class=\"fusion-layout-column fusion_builder_column fusion-builder-column-0 fusion_builder_column_1_1 1_1 fusion-flex-column\" style=\"--awb-bg-size:cover;--awb-width-large:100%;--awb-margin-top-large:0px;--awb-spacing-right-large:1.92%;--awb-margin-bottom-large:20px;--awb-spacing-left-large:1.92%;--awb-width-medium:100%;--awb-spacing-right-medium:1.92%;--awb-spacing-left-medium:1.92%;--awb-width-small:100%;--awb-spacing-right-small:1.92%;--awb-spacing-left-small:1.92%;\"><div class=\"fusion-column-wrapper fusion-column-has-shadow fusion-flex-justify-content-flex-start fusion-content-layout-column\"><div class=\"fusion-section-separator section-separator big-half-circle fusion-section-separator-1\" style=\"--awb-spacer-height:99px;--awb-svg-margin-left:1.92%;--awb-svg-margin-right:1.92%;--awb-svg-margin-left-medium:1.92%;--awb-svg-margin-right-medium:1.92%;--awb-svg-margin-left-small:1.92%;--awb-svg-margin-right-small:1.92%;--awb-divider-height:99px;--awb-spacer-padding-top:inherit;--awb-sep-padding:0;--awb-svg-padding:0;--awb-margin-top:-99px;\"><div class=\"fusion-section-separator-svg\"><svg class=\"fusion-big-half-circle-candy\" xmlns=\"http:\/\/www.w3.org\/2000\/svg\" version=\"1.1\" width=\"100%\" height=\"100\" viewBox=\"0 0 100 100\" preserveAspectRatio=\"none\" fill=\"rgba(255,255,255,1)\"><path d=\"M0 100 C40 0 60 0 100 100 Z\"><\/path><\/svg><\/div><div class=\"fusion-section-separator-spacer\"><div class=\"fusion-section-separator-spacer-height\"><\/div><\/div><\/div><\/div><\/div><\/div><\/div><div class=\"fusion-fullwidth fullwidth-box fusion-builder-row-2 fusion-flex-container has-pattern-background has-mask-background nonhundred-percent-fullwidth non-hundred-percent-height-scrolling\" style=\"--awb-border-radius-top-left:0px;--awb-border-radius-top-right:0px;--awb-border-radius-bottom-right:0px;--awb-border-radius-bottom-left:0px;--awb-padding-top:80px;--awb-padding-bottom:50px;--awb-flex-wrap:wrap;\" ><div class=\"fusion-builder-row fusion-row fusion-flex-align-items-flex-start fusion-flex-content-wrap\" style=\"max-width:1248px;margin-left: calc(-4% \/ 2 );margin-right: calc(-4% \/ 2 );\"><div class=\"fusion-layout-column fusion_builder_column fusion-builder-column-1 fusion_builder_column_1_1 1_1 fusion-flex-column\" style=\"--awb-bg-size:cover;--awb-width-large:100%;--awb-margin-top-large:0px;--awb-spacing-right-large:1.92%;--awb-margin-bottom-large:20px;--awb-spacing-left-large:1.92%;--awb-width-medium:100%;--awb-order-medium:0;--awb-spacing-right-medium:1.92%;--awb-spacing-left-medium:1.92%;--awb-width-small:100%;--awb-order-small:0;--awb-spacing-right-small:1.92%;--awb-spacing-left-small:1.92%;\"><div class=\"fusion-column-wrapper fusion-column-has-shadow fusion-flex-justify-content-flex-start fusion-content-layout-column\"><div class=\"fusion-recent-posts fusion-recent-posts-1 avada-container layout-default layout-columns-3\"><section class=\"fusion-columns columns fusion-columns-3 columns-3\"><article class=\"post fusion-column column col col-lg-4 col-md-4 col-sm-4\"><div class=\"fusion-flexslider fusion-flexslider-loading flexslider flexslider-hover-type-none\"><ul class=\"slides\"><li><a href=\"https:\/\/hidraquatec.com\/es\/hidraquatec-presente-en-la-fira-de-sant-josep-2026\/\" aria-label=\"HIDRAQUATEC presente en la Fira de Sant Josep 2026\" class=\"hover-type-none\"><img decoding=\"async\" width=\"1179\" height=\"633\" src=\"https:\/\/hidraquatec.com\/wp-content\/uploads\/2026\/03\/fira_sant_josep_2026.jpeg\" class=\"attachment-full size-full lazyload\" alt=\"\" srcset=\"data:image\/svg+xml,%3Csvg%20xmlns%3D%27http%3A%2F%2Fwww.w3.org%2F2000%2Fsvg%27%20width%3D%271179%27%20height%3D%27633%27%20viewBox%3D%270%200%201179%20633%27%3E%3Crect%20width%3D%271179%27%20height%3D%27633%27%20fill-opacity%3D%220%22%2F%3E%3C%2Fsvg%3E\" data-orig-src=\"https:\/\/hidraquatec.com\/wp-content\/uploads\/2026\/03\/fira_sant_josep_2026.jpeg\" data-srcset=\"https:\/\/hidraquatec.com\/wp-content\/uploads\/2026\/03\/fira_sant_josep_2026-200x107.jpeg 200w, https:\/\/hidraquatec.com\/wp-content\/uploads\/2026\/03\/fira_sant_josep_2026-400x215.jpeg 400w, https:\/\/hidraquatec.com\/wp-content\/uploads\/2026\/03\/fira_sant_josep_2026-600x322.jpeg 600w, https:\/\/hidraquatec.com\/wp-content\/uploads\/2026\/03\/fira_sant_josep_2026-800x430.jpeg 800w, https:\/\/hidraquatec.com\/wp-content\/uploads\/2026\/03\/fira_sant_josep_2026.jpeg 1179w\" data-sizes=\"auto\" \/><\/a><\/li><\/ul><\/div><div class=\"recent-posts-content\"><span class=\"vcard\" style=\"display: none;\"><span class=\"fn\"><a href=\"https:\/\/hidraquatec.com\/es\/author\/angel_w6bl5i60\/\" title=\"Entradas de admin\" rel=\"author\">admin<\/a><\/span><\/span><span class=\"updated\" style=\"display:none;\">2026-03-23T16:32:40+00:00<\/span><h4 class=\"entry-title\"><a href=\"https:\/\/hidraquatec.com\/es\/hidraquatec-presente-en-la-fira-de-sant-josep-2026\/\">HIDRAQUATEC presente en la Fira de Sant Josep 2026<\/a><\/h4><p>HIDRAQUATEC ha tenido el placer de participar activamente en la Fira de Sant Josep de Mollerussa 2026, que ha tenido lugar los d\u00edas 19, 20, 21 y 22 de marzo. Esta feria, referente en el<\/p><\/div><\/article><article class=\"post fusion-column column col col-lg-4 col-md-4 col-sm-4\"><div class=\"fusion-flexslider fusion-flexslider-loading flexslider flexslider-hover-type-none\"><ul class=\"slides\"><li><a href=\"https:\/\/hidraquatec.com\/es\/hidraquatec-presente-en-agrobiotech-2025\/\" aria-label=\"HIDRAQUATEC presente en Agrobiotech 2025\" class=\"hover-type-none\"><img decoding=\"async\" width=\"1600\" height=\"1120\" src=\"https:\/\/hidraquatec.com\/wp-content\/uploads\/2025\/12\/WhatsApp-Image-2025-11-28-at-15.00.42.jpeg\" class=\"attachment-full size-full lazyload\" alt=\"\" srcset=\"data:image\/svg+xml,%3Csvg%20xmlns%3D%27http%3A%2F%2Fwww.w3.org%2F2000%2Fsvg%27%20width%3D%271600%27%20height%3D%271120%27%20viewBox%3D%270%200%201600%201120%27%3E%3Crect%20width%3D%271600%27%20height%3D%271120%27%20fill-opacity%3D%220%22%2F%3E%3C%2Fsvg%3E\" data-orig-src=\"https:\/\/hidraquatec.com\/wp-content\/uploads\/2025\/12\/WhatsApp-Image-2025-11-28-at-15.00.42.jpeg\" data-srcset=\"https:\/\/hidraquatec.com\/wp-content\/uploads\/2025\/12\/WhatsApp-Image-2025-11-28-at-15.00.42-200x140.jpeg 200w, https:\/\/hidraquatec.com\/wp-content\/uploads\/2025\/12\/WhatsApp-Image-2025-11-28-at-15.00.42-400x280.jpeg 400w, https:\/\/hidraquatec.com\/wp-content\/uploads\/2025\/12\/WhatsApp-Image-2025-11-28-at-15.00.42-600x420.jpeg 600w, https:\/\/hidraquatec.com\/wp-content\/uploads\/2025\/12\/WhatsApp-Image-2025-11-28-at-15.00.42-800x560.jpeg 800w, https:\/\/hidraquatec.com\/wp-content\/uploads\/2025\/12\/WhatsApp-Image-2025-11-28-at-15.00.42-1200x840.jpeg 1200w, https:\/\/hidraquatec.com\/wp-content\/uploads\/2025\/12\/WhatsApp-Image-2025-11-28-at-15.00.42.jpeg 1600w\" data-sizes=\"auto\" \/><\/a><\/li><\/ul><\/div><div class=\"recent-posts-content\"><span class=\"vcard\" style=\"display: none;\"><span class=\"fn\"><a href=\"https:\/\/hidraquatec.com\/es\/author\/angel_w6bl5i60\/\" title=\"Entradas de admin\" rel=\"author\">admin<\/a><\/span><\/span><span class=\"updated\" style=\"display:none;\">2025-12-01T11:34:47+00:00<\/span><h4 class=\"entry-title\"><a href=\"https:\/\/hidraquatec.com\/es\/hidraquatec-presente-en-agrobiotech-2025\/\">HIDRAQUATEC presente en Agrobiotech 2025<\/a><\/h4><p>HIDRAQUATEC tuvo el placer de participar activamente en Agrobiotech en la feria de Lleida, que tuvo lugar los d\u00edas 25, 26 y 27 de noviembre. Esta feria, que este a\u00f1o ha celebrado su primera edici\u00f3n,<\/p><\/div><\/article><article class=\"post fusion-column column col col-lg-4 col-md-4 col-sm-4\"><div class=\"fusion-flexslider fusion-flexslider-loading flexslider flexslider-hover-type-none\"><ul class=\"slides\"><li><a href=\"https:\/\/hidraquatec.com\/es\/hidraquatec-presente-en-la-fira-de-sant-josep-2025\/\" aria-label=\"HIDRAQUATEC presente en la Fira de Sant Josep 2025\" class=\"hover-type-none\"><img decoding=\"async\" width=\"1079\" height=\"630\" src=\"https:\/\/hidraquatec.com\/wp-content\/uploads\/2025\/03\/WhatsApp-Image-2025-03-24-at-18.05.48.jpeg\" class=\"attachment-full size-full lazyload\" alt=\"Hidraquatec Fira\" srcset=\"data:image\/svg+xml,%3Csvg%20xmlns%3D%27http%3A%2F%2Fwww.w3.org%2F2000%2Fsvg%27%20width%3D%271079%27%20height%3D%27630%27%20viewBox%3D%270%200%201079%20630%27%3E%3Crect%20width%3D%271079%27%20height%3D%27630%27%20fill-opacity%3D%220%22%2F%3E%3C%2Fsvg%3E\" data-orig-src=\"https:\/\/hidraquatec.com\/wp-content\/uploads\/2025\/03\/WhatsApp-Image-2025-03-24-at-18.05.48.jpeg\" data-srcset=\"https:\/\/hidraquatec.com\/wp-content\/uploads\/2025\/03\/WhatsApp-Image-2025-03-24-at-18.05.48-200x117.jpeg 200w, https:\/\/hidraquatec.com\/wp-content\/uploads\/2025\/03\/WhatsApp-Image-2025-03-24-at-18.05.48-400x234.jpeg 400w, https:\/\/hidraquatec.com\/wp-content\/uploads\/2025\/03\/WhatsApp-Image-2025-03-24-at-18.05.48-600x350.jpeg 600w, https:\/\/hidraquatec.com\/wp-content\/uploads\/2025\/03\/WhatsApp-Image-2025-03-24-at-18.05.48-800x467.jpeg 800w, https:\/\/hidraquatec.com\/wp-content\/uploads\/2025\/03\/WhatsApp-Image-2025-03-24-at-18.05.48.jpeg 1079w\" data-sizes=\"auto\" \/><\/a><\/li><\/ul><\/div><div class=\"recent-posts-content\"><span class=\"vcard\" style=\"display: none;\"><span class=\"fn\"><a href=\"https:\/\/hidraquatec.com\/es\/author\/angel_w6bl5i60\/\" title=\"Entradas de admin\" rel=\"author\">admin<\/a><\/span><\/span><span class=\"updated\" style=\"display:none;\">2025-03-27T16:01:58+00:00<\/span><h4 class=\"entry-title\"><a href=\"https:\/\/hidraquatec.com\/es\/hidraquatec-presente-en-la-fira-de-sant-josep-2025\/\">HIDRAQUATEC presente en la Fira de Sant Josep 2025<\/a><\/h4><p>HIDRAQUATEC tuvo el placer de participar activamente en la Feria de Sant Josep de Mollerussa 2025, que tuvo lugar los d\u00edas 19, 20, 21, 22 i 23 de marzo, nos pudisteis encontrar en el Pabell\u00f3n<\/p><\/div><\/article><article class=\"post fusion-column column col col-lg-4 col-md-4 col-sm-4\"><div class=\"fusion-flexslider fusion-flexslider-loading flexslider flexslider-hover-type-none\"><ul class=\"slides\"><li><a href=\"https:\/\/hidraquatec.com\/es\/hidraquatec-presente-en-la-jornada-fructicola-de-mollerussa-2024\/\" aria-label=\"HIDRAQUATEC presente en la Jornada Fruct\u00edcola de Mollerussa 2024\" class=\"hover-type-none\"><img decoding=\"async\" width=\"1080\" height=\"1079\" src=\"https:\/\/hidraquatec.com\/wp-content\/uploads\/2024\/10\/WhatsApp-Image-2024-10-15-at-18.27.28.jpeg\" class=\"attachment-full size-full lazyload\" alt=\"Jornada Fruct\u00edcola\" srcset=\"data:image\/svg+xml,%3Csvg%20xmlns%3D%27http%3A%2F%2Fwww.w3.org%2F2000%2Fsvg%27%20width%3D%271080%27%20height%3D%271079%27%20viewBox%3D%270%200%201080%201079%27%3E%3Crect%20width%3D%271080%27%20height%3D%271079%27%20fill-opacity%3D%220%22%2F%3E%3C%2Fsvg%3E\" data-orig-src=\"https:\/\/hidraquatec.com\/wp-content\/uploads\/2024\/10\/WhatsApp-Image-2024-10-15-at-18.27.28.jpeg\" data-srcset=\"https:\/\/hidraquatec.com\/wp-content\/uploads\/2024\/10\/WhatsApp-Image-2024-10-15-at-18.27.28-200x200.jpeg 200w, https:\/\/hidraquatec.com\/wp-content\/uploads\/2024\/10\/WhatsApp-Image-2024-10-15-at-18.27.28-400x400.jpeg 400w, https:\/\/hidraquatec.com\/wp-content\/uploads\/2024\/10\/WhatsApp-Image-2024-10-15-at-18.27.28-600x599.jpeg 600w, https:\/\/hidraquatec.com\/wp-content\/uploads\/2024\/10\/WhatsApp-Image-2024-10-15-at-18.27.28-800x799.jpeg 800w, https:\/\/hidraquatec.com\/wp-content\/uploads\/2024\/10\/WhatsApp-Image-2024-10-15-at-18.27.28.jpeg 1080w\" data-sizes=\"auto\" \/><\/a><\/li><\/ul><\/div><div class=\"recent-posts-content\"><span class=\"vcard\" style=\"display: none;\"><span class=\"fn\"><a href=\"https:\/\/hidraquatec.com\/es\/author\/angel_w6bl5i60\/\" title=\"Entradas de admin\" rel=\"author\">admin<\/a><\/span><\/span><span class=\"updated\" style=\"display:none;\">2025-03-04T11:25:44+00:00<\/span><h4 class=\"entry-title\"><a href=\"https:\/\/hidraquatec.com\/es\/hidraquatec-presente-en-la-jornada-fructicola-de-mollerussa-2024\/\">HIDRAQUATEC presente en la Jornada Fruct\u00edcola de Mollerussa 2024<\/a><\/h4><p> HIDRAQUATEC tuvo el placer de participar activamente en la reciente edici\u00f3n de la Jornada Fruct\u00edcola de Mollerussa 2024, que tuvo lugar el 23 y 24 de octubre. Esta feria, referente en el sector, fue<\/p><\/div><\/article><article class=\"post fusion-column column col col-lg-4 col-md-4 col-sm-4\"><div class=\"fusion-flexslider fusion-flexslider-loading flexslider flexslider-hover-type-none\"><ul class=\"slides\"><li><a href=\"https:\/\/hidraquatec.com\/es\/hidraquatec-present-a-la-fira-de-sant-miquel-2024\/\" aria-label=\"HIDRAQUATEC presente en la Feria de Sant Miquel 2024\" class=\"hover-type-none\"><img decoding=\"async\" width=\"1600\" height=\"1083\" src=\"https:\/\/hidraquatec.com\/wp-content\/uploads\/2024\/10\/WhatsApp-Image-2024-10-02-at-11.07.05.jpeg\" class=\"attachment-full size-full lazyload\" alt=\"Fira Hidraquatec\" srcset=\"data:image\/svg+xml,%3Csvg%20xmlns%3D%27http%3A%2F%2Fwww.w3.org%2F2000%2Fsvg%27%20width%3D%271600%27%20height%3D%271083%27%20viewBox%3D%270%200%201600%201083%27%3E%3Crect%20width%3D%271600%27%20height%3D%271083%27%20fill-opacity%3D%220%22%2F%3E%3C%2Fsvg%3E\" data-orig-src=\"https:\/\/hidraquatec.com\/wp-content\/uploads\/2024\/10\/WhatsApp-Image-2024-10-02-at-11.07.05.jpeg\" data-srcset=\"https:\/\/hidraquatec.com\/wp-content\/uploads\/2024\/10\/WhatsApp-Image-2024-10-02-at-11.07.05-200x135.jpeg 200w, https:\/\/hidraquatec.com\/wp-content\/uploads\/2024\/10\/WhatsApp-Image-2024-10-02-at-11.07.05-400x271.jpeg 400w, https:\/\/hidraquatec.com\/wp-content\/uploads\/2024\/10\/WhatsApp-Image-2024-10-02-at-11.07.05-600x406.jpeg 600w, https:\/\/hidraquatec.com\/wp-content\/uploads\/2024\/10\/WhatsApp-Image-2024-10-02-at-11.07.05-800x542.jpeg 800w, https:\/\/hidraquatec.com\/wp-content\/uploads\/2024\/10\/WhatsApp-Image-2024-10-02-at-11.07.05-1200x812.jpeg 1200w, https:\/\/hidraquatec.com\/wp-content\/uploads\/2024\/10\/WhatsApp-Image-2024-10-02-at-11.07.05.jpeg 1600w\" data-sizes=\"auto\" \/><\/a><\/li><\/ul><\/div><div class=\"recent-posts-content\"><span class=\"vcard\" style=\"display: none;\"><span class=\"fn\"><a href=\"https:\/\/hidraquatec.com\/es\/author\/angel_w6bl5i60\/\" title=\"Entradas de admin\" rel=\"author\">admin<\/a><\/span><\/span><span class=\"updated\" style=\"display:none;\">2025-03-04T11:27:29+00:00<\/span><h4 class=\"entry-title\"><a href=\"https:\/\/hidraquatec.com\/es\/hidraquatec-present-a-la-fira-de-sant-miquel-2024\/\">HIDRAQUATEC presente en la Feria de Sant Miquel 2024<\/a><\/h4><p> HIDRAQUATEC tuvo el placer de participar activamente en la reciente edici\u00f3n de la Feria de Sant Miquel de Lleida 2024, que tuvo lugar del 26 al 29 de septiembre. Nos pudisteis encontrar en el<\/p><\/div><\/article><article class=\"post fusion-column column col col-lg-4 col-md-4 col-sm-4\"><div class=\"fusion-flexslider fusion-flexslider-loading flexslider flexslider-hover-type-none\"><ul class=\"slides\"><li><a href=\"https:\/\/hidraquatec.com\/es\/hidraquatec-presente-en-la-feria-de-sant-josep-2024\/\" aria-label=\"HIDRAQUATEC presente en la Feria de Sant Josep 2024\" class=\"hover-type-none\"><img decoding=\"async\" width=\"1512\" height=\"1556\" src=\"https:\/\/hidraquatec.com\/wp-content\/uploads\/2024\/03\/WhatsApp-Image-2024-03-20-at-08.22.37.jpeg\" class=\"attachment-full size-full lazyload\" alt=\"Fira de Sant Josep\" srcset=\"data:image\/svg+xml,%3Csvg%20xmlns%3D%27http%3A%2F%2Fwww.w3.org%2F2000%2Fsvg%27%20width%3D%271512%27%20height%3D%271556%27%20viewBox%3D%270%200%201512%201556%27%3E%3Crect%20width%3D%271512%27%20height%3D%271556%27%20fill-opacity%3D%220%22%2F%3E%3C%2Fsvg%3E\" data-orig-src=\"https:\/\/hidraquatec.com\/wp-content\/uploads\/2024\/03\/WhatsApp-Image-2024-03-20-at-08.22.37.jpeg\" data-srcset=\"https:\/\/hidraquatec.com\/wp-content\/uploads\/2024\/03\/WhatsApp-Image-2024-03-20-at-08.22.37-200x206.jpeg 200w, https:\/\/hidraquatec.com\/wp-content\/uploads\/2024\/03\/WhatsApp-Image-2024-03-20-at-08.22.37-400x412.jpeg 400w, https:\/\/hidraquatec.com\/wp-content\/uploads\/2024\/03\/WhatsApp-Image-2024-03-20-at-08.22.37-600x617.jpeg 600w, https:\/\/hidraquatec.com\/wp-content\/uploads\/2024\/03\/WhatsApp-Image-2024-03-20-at-08.22.37-800x823.jpeg 800w, https:\/\/hidraquatec.com\/wp-content\/uploads\/2024\/03\/WhatsApp-Image-2024-03-20-at-08.22.37-1200x1235.jpeg 1200w, https:\/\/hidraquatec.com\/wp-content\/uploads\/2024\/03\/WhatsApp-Image-2024-03-20-at-08.22.37.jpeg 1512w\" data-sizes=\"auto\" \/><\/a><\/li><\/ul><\/div><div class=\"recent-posts-content\"><span class=\"vcard\" style=\"display: none;\"><span class=\"fn\"><a href=\"https:\/\/hidraquatec.com\/es\/author\/angel_w6bl5i60\/\" title=\"Entradas de admin\" rel=\"author\">admin<\/a><\/span><\/span><span class=\"updated\" style=\"display:none;\">2024-03-20T11:30:05+00:00<\/span><h4 class=\"entry-title\"><a href=\"https:\/\/hidraquatec.com\/es\/hidraquatec-presente-en-la-feria-de-sant-josep-2024\/\">HIDRAQUATEC presente en la Feria de Sant Josep 2024<\/a><\/h4><p> HIDRAQUATEC ha tenido el placer de participar activamente a la reciente edici\u00f3n de la Feria de Sant Josep de Mollerussa 2024, que tuvo lugar del 16 de marzo al 19 de marzo. Esta feria,<\/p><\/div><\/article><article class=\"post fusion-column column col col-lg-4 col-md-4 col-sm-4\"><div class=\"fusion-flexslider fusion-flexslider-loading flexslider flexslider-hover-type-none\"><ul class=\"slides\"><li><a href=\"https:\/\/hidraquatec.com\/es\/hidraquatec-presente-a-la-feria-de-san-miquel\/\" aria-label=\"HIDRAQUATEC presente a la Feria de San Miquel 2023\" class=\"hover-type-none\"><img decoding=\"async\" width=\"956\" height=\"818\" src=\"https:\/\/hidraquatec.com\/wp-content\/uploads\/2023\/10\/fira-2.jpeg\" class=\"attachment-full size-full lazyload\" alt=\"Fira de Miquel\" srcset=\"data:image\/svg+xml,%3Csvg%20xmlns%3D%27http%3A%2F%2Fwww.w3.org%2F2000%2Fsvg%27%20width%3D%27956%27%20height%3D%27818%27%20viewBox%3D%270%200%20956%20818%27%3E%3Crect%20width%3D%27956%27%20height%3D%27818%27%20fill-opacity%3D%220%22%2F%3E%3C%2Fsvg%3E\" data-orig-src=\"https:\/\/hidraquatec.com\/wp-content\/uploads\/2023\/10\/fira-2.jpeg\" data-srcset=\"https:\/\/hidraquatec.com\/wp-content\/uploads\/2023\/10\/fira-2-200x171.jpeg 200w, https:\/\/hidraquatec.com\/wp-content\/uploads\/2023\/10\/fira-2-400x342.jpeg 400w, https:\/\/hidraquatec.com\/wp-content\/uploads\/2023\/10\/fira-2-600x513.jpeg 600w, https:\/\/hidraquatec.com\/wp-content\/uploads\/2023\/10\/fira-2-800x685.jpeg 800w, https:\/\/hidraquatec.com\/wp-content\/uploads\/2023\/10\/fira-2.jpeg 956w\" data-sizes=\"auto\" \/><\/a><\/li><\/ul><\/div><div class=\"recent-posts-content\"><span class=\"vcard\" style=\"display: none;\"><span class=\"fn\"><a href=\"https:\/\/hidraquatec.com\/es\/author\/angel_w6bl5i60\/\" title=\"Entradas de admin\" rel=\"author\">admin<\/a><\/span><\/span><span class=\"updated\" style=\"display:none;\">2024-02-21T11:52:32+00:00<\/span><h4 class=\"entry-title\"><a href=\"https:\/\/hidraquatec.com\/es\/hidraquatec-presente-a-la-feria-de-san-miquel\/\">HIDRAQUATEC presente a la Feria de San Miquel 2023<\/a><\/h4><p> HIDRAQUATEC ha tenido el placer de participar activamente a la reciente edici\u00f3n de la Feria de San Miquel de Lleida 2023, que tuvo lugar del 28 de septiembre al 1 de octubre. Esta feria,<\/p><\/div><\/article><\/section><\/div><\/div><\/div><\/div><\/div><\/p>\n","protected":false},"excerpt":{"rendered":"","protected":false},"author":1,"featured_media":0,"parent":0,"menu_order":0,"comment_status":"closed","ping_status":"closed","template":"100-width.php","meta":{"footnotes":""},"class_list":["post-3059","page","type-page","status-publish","hentry"],"yoast_head":"<!-- This site is optimized with the Yoast SEO plugin v25.9 - https:\/\/yoast.com\/wordpress\/plugins\/seo\/ -->\n<title>Noticias - Hidraquatec<\/title>\n<meta name=\"robots\" content=\"index, follow, max-snippet:-1, max-image-preview:large, max-video-preview:-1\" \/>\n<link rel=\"canonical\" href=\"https:\/\/hidraquatec.com\/es\/noticias\/\" \/>\n<meta property=\"og:locale\" content=\"es_ES\" \/>\n<meta property=\"og:type\" content=\"article\" \/>\n<meta property=\"og:title\" content=\"Noticias - Hidraquatec\" \/>\n<meta property=\"og:url\" content=\"https:\/\/hidraquatec.com\/es\/noticias\/\" \/>\n<meta property=\"og:site_name\" content=\"Hidraquatec\" \/>\n<meta property=\"article:modified_time\" content=\"2026-03-24T07:38:19+00:00\" \/>\n<meta name=\"twitter:card\" content=\"summary_large_image\" \/>\n<meta name=\"twitter:label1\" content=\"Tiempo de lectura\" \/>\n\t<meta name=\"twitter:data1\" content=\"3 minutos\" \/>\n<script type=\"application\/ld+json\" class=\"yoast-schema-graph\">{\"@context\":\"https:\/\/schema.org\",\"@graph\":[{\"@type\":\"WebPage\",\"@id\":\"https:\/\/hidraquatec.com\/es\/noticias\/\",\"url\":\"https:\/\/hidraquatec.com\/es\/noticias\/\",\"name\":\"Noticias - Hidraquatec\",\"isPartOf\":{\"@id\":\"https:\/\/hidraquatec.com\/#website\"},\"datePublished\":\"2023-10-03T07:49:11+00:00\",\"dateModified\":\"2026-03-24T07:38:19+00:00\",\"breadcrumb\":{\"@id\":\"https:\/\/hidraquatec.com\/es\/noticias\/#breadcrumb\"},\"inLanguage\":\"es\",\"potentialAction\":[{\"@type\":\"ReadAction\",\"target\":[\"https:\/\/hidraquatec.com\/es\/noticias\/\"]}]},{\"@type\":\"BreadcrumbList\",\"@id\":\"https:\/\/hidraquatec.com\/es\/noticias\/#breadcrumb\",\"itemListElement\":[{\"@type\":\"ListItem\",\"position\":1,\"name\":\"Inici\",\"item\":\"https:\/\/hidraquatec.com\/es\/inicio\/\"},{\"@type\":\"ListItem\",\"position\":2,\"name\":\"Noticias\"}]},{\"@type\":\"WebSite\",\"@id\":\"https:\/\/hidraquatec.com\/#website\",\"url\":\"https:\/\/hidraquatec.com\/\",\"name\":\"Hidraquatec\",\"description\":\"Solucions de reg\",\"publisher\":{\"@id\":\"https:\/\/hidraquatec.com\/#organization\"},\"potentialAction\":[{\"@type\":\"SearchAction\",\"target\":{\"@type\":\"EntryPoint\",\"urlTemplate\":\"https:\/\/hidraquatec.com\/?s={search_term_string}\"},\"query-input\":{\"@type\":\"PropertyValueSpecification\",\"valueRequired\":true,\"valueName\":\"search_term_string\"}}],\"inLanguage\":\"es\"},{\"@type\":\"Organization\",\"@id\":\"https:\/\/hidraquatec.com\/#organization\",\"name\":\"Hidraquatec\",\"url\":\"https:\/\/hidraquatec.com\/\",\"logo\":{\"@type\":\"ImageObject\",\"inLanguage\":\"es\",\"@id\":\"https:\/\/hidraquatec.com\/#\/schema\/logo\/image\/\",\"url\":\"https:\/\/hidraquatec.com\/wp-content\/uploads\/2023\/07\/LOGO_HIDRAQUATEC_vec.png\",\"contentUrl\":\"https:\/\/hidraquatec.com\/wp-content\/uploads\/2023\/07\/LOGO_HIDRAQUATEC_vec.png\",\"width\":1227,\"height\":220,\"caption\":\"Hidraquatec\"},\"image\":{\"@id\":\"https:\/\/hidraquatec.com\/#\/schema\/logo\/image\/\"}}]}<\/script>\n<!-- \/ Yoast SEO plugin. -->","yoast_head_json":{"title":"Noticias - Hidraquatec","robots":{"index":"index","follow":"follow","max-snippet":"max-snippet:-1","max-image-preview":"max-image-preview:large","max-video-preview":"max-video-preview:-1"},"canonical":"https:\/\/hidraquatec.com\/es\/noticias\/","og_locale":"es_ES","og_type":"article","og_title":"Noticias - Hidraquatec","og_url":"https:\/\/hidraquatec.com\/es\/noticias\/","og_site_name":"Hidraquatec","article_modified_time":"2026-03-24T07:38:19+00:00","twitter_card":"summary_large_image","twitter_misc":{"Tiempo de lectura":"3 minutos"},"schema":{"@context":"https:\/\/schema.org","@graph":[{"@type":"WebPage","@id":"https:\/\/hidraquatec.com\/es\/noticias\/","url":"https:\/\/hidraquatec.com\/es\/noticias\/","name":"Noticias - Hidraquatec","isPartOf":{"@id":"https:\/\/hidraquatec.com\/#website"},"datePublished":"2023-10-03T07:49:11+00:00","dateModified":"2026-03-24T07:38:19+00:00","breadcrumb":{"@id":"https:\/\/hidraquatec.com\/es\/noticias\/#breadcrumb"},"inLanguage":"es","potentialAction":[{"@type":"ReadAction","target":["https:\/\/hidraquatec.com\/es\/noticias\/"]}]},{"@type":"BreadcrumbList","@id":"https:\/\/hidraquatec.com\/es\/noticias\/#breadcrumb","itemListElement":[{"@type":"ListItem","position":1,"name":"Inici","item":"https:\/\/hidraquatec.com\/es\/inicio\/"},{"@type":"ListItem","position":2,"name":"Noticias"}]},{"@type":"WebSite","@id":"https:\/\/hidraquatec.com\/#website","url":"https:\/\/hidraquatec.com\/","name":"Hidraquatec","description":"Solucions de reg","publisher":{"@id":"https:\/\/hidraquatec.com\/#organization"},"potentialAction":[{"@type":"SearchAction","target":{"@type":"EntryPoint","urlTemplate":"https:\/\/hidraquatec.com\/?s={search_term_string}"},"query-input":{"@type":"PropertyValueSpecification","valueRequired":true,"valueName":"search_term_string"}}],"inLanguage":"es"},{"@type":"Organization","@id":"https:\/\/hidraquatec.com\/#organization","name":"Hidraquatec","url":"https:\/\/hidraquatec.com\/","logo":{"@type":"ImageObject","inLanguage":"es","@id":"https:\/\/hidraquatec.com\/#\/schema\/logo\/image\/","url":"https:\/\/hidraquatec.com\/wp-content\/uploads\/2023\/07\/LOGO_HIDRAQUATEC_vec.png","contentUrl":"https:\/\/hidraquatec.com\/wp-content\/uploads\/2023\/07\/LOGO_HIDRAQUATEC_vec.png","width":1227,"height":220,"caption":"Hidraquatec"},"image":{"@id":"https:\/\/hidraquatec.com\/#\/schema\/logo\/image\/"}}]}},"_links":{"self":[{"href":"https:\/\/hidraquatec.com\/es\/wp-json\/wp\/v2\/pages\/3059","targetHints":{"allow":["GET"]}}],"collection":[{"href":"https:\/\/hidraquatec.com\/es\/wp-json\/wp\/v2\/pages"}],"about":[{"href":"https:\/\/hidraquatec.com\/es\/wp-json\/wp\/v2\/types\/page"}],"author":[{"embeddable":true,"href":"https:\/\/hidraquatec.com\/es\/wp-json\/wp\/v2\/users\/1"}],"replies":[{"embeddable":true,"href":"https:\/\/hidraquatec.com\/es\/wp-json\/wp\/v2\/comments?post=3059"}],"version-history":[{"count":4,"href":"https:\/\/hidraquatec.com\/es\/wp-json\/wp\/v2\/pages\/3059\/revisions"}],"predecessor-version":[{"id":3597,"href":"https:\/\/hidraquatec.com\/es\/wp-json\/wp\/v2\/pages\/3059\/revisions\/3597"}],"wp:attachment":[{"href":"https:\/\/hidraquatec.com\/es\/wp-json\/wp\/v2\/media?parent=3059"}],"curies":[{"name":"wp","href":"https:\/\/api.w.org\/{rel}","templated":true}]}}